{"id":2073,"date":"2022-08-29T15:49:14","date_gmt":"2022-08-29T19:49:14","guid":{"rendered":"https:\/\/artch.org\/our-artists\/"},"modified":"2022-11-21T12:45:43","modified_gmt":"2022-11-21T17:45:43","slug":"our-artists","status":"publish","type":"page","link":"https:\/\/artch.org\/en\/our-artists\/","title":{"rendered":"Our artists"},"content":{"rendered":"<p>[et_pb_section fb_built=&#8221;1&#8243; custom_padding_last_edited=&#8221;on|tablet&#8221; _builder_version=&#8221;4.18.0&#8243; _module_preset=&#8221;default&#8221; custom_margin=&#8221;||0px||false|false&#8221; custom_padding=&#8221;5%||5%||true|false&#8221; custom_padding_tablet=&#8221;5%||5%||true|false&#8221; custom_padding_phone=&#8221;7%||3%||false|false&#8221; global_colors_info=&#8221;{}&#8221;][et_pb_row custom_padding_last_edited=&#8221;on|tablet&#8221; _builder_version=&#8221;4.18.0&#8243; _module_preset=&#8221;default&#8221; width=&#8221;88%&#8221; max_width=&#8221;100%&#8221; custom_margin=&#8221;||0px||false|false&#8221; custom_padding=&#8221;0px||0px||false|false&#8221; custom_padding_tablet=&#8221;0px||||false|false&#8221; custom_padding_phone=&#8221;0px||0px||false|false&#8221; global_colors_info=&#8221;{}&#8221;][et_pb_column type=&#8221;4_4&#8243; _builder_version=&#8221;4.18.0&#8243; _module_preset=&#8221;default&#8221; global_colors_info=&#8221;{}&#8221;][et_pb_text module_class=&#8221;titre-de-page&#8221; _builder_version=&#8221;4.18.0&#8243; _module_preset=&#8221;default&#8221; header_font_size=&#8221;85px&#8221; header_line_height=&#8221;1.1em&#8221; max_width=&#8221;1050px&#8221; max_width_tablet=&#8221;850px&#8221; max_width_phone=&#8221;850px&#8221; max_width_last_edited=&#8221;on|desktop&#8221; custom_margin=&#8221;||0px||false|false&#8221; custom_padding=&#8221;||0px||false|false&#8221; header_font_size_tablet=&#8221;40px&#8221; header_font_size_phone=&#8221;30px&#8221; header_font_size_last_edited=&#8221;on|tablet&#8221; header_line_height_tablet=&#8221;1.1em&#8221; header_line_height_phone=&#8221;1.1em&#8221; header_line_height_last_edited=&#8221;on|desktop&#8221; global_colors_info=&#8221;{}&#8221;]<\/p>\n<h1>Our artists<\/h1>\n<p>[\/et_pb_text][et_pb_text _builder_version=&#8221;4.18.0&#8243; _module_preset=&#8221;default&#8221; max_width=&#8221;1050px&#8221; max_width_tablet=&#8221;1050px&#8221; max_width_phone=&#8221;1050px&#8221; max_width_last_edited=&#8221;on|desktop&#8221; global_colors_info=&#8221;{}&#8221;]<\/p>\n<p>Find below all the artists who participated in the Artch program.<\/p>\n<p>[\/et_pb_text][\/et_pb_column][\/et_pb_row][\/et_pb_section][et_pb_section fb_built=&#8221;1&#8243; custom_padding_last_edited=&#8221;on|phone&#8221; _builder_version=&#8221;4.18.0&#8243; _module_preset=&#8221;default&#8221; custom_margin=&#8221;||0px||false|false&#8221; custom_padding=&#8221;0px||5%||false|false&#8221; custom_padding_tablet=&#8221;||0px||false|false&#8221; custom_padding_phone=&#8221;5%||0px||false|false&#8221; border_width_bottom=&#8221;2px&#8221; border_color_bottom=&#8221;#000000&#8243; global_colors_info=&#8221;{}&#8221;][et_pb_row _builder_version=&#8221;4.18.0&#8243; _module_preset=&#8221;default&#8221; width=&#8221;100%&#8221; max_width=&#8221;100%&#8221; custom_margin=&#8221;||0px||false|false&#8221; custom_padding=&#8221;0px||0px||false|false&#8221; border_color_top=&#8221;#000000&#8243; border_color_bottom=&#8221;#000000&#8243; global_colors_info=&#8221;{}&#8221;][et_pb_column type=&#8221;4_4&#8243; _builder_version=&#8221;4.18.0&#8243; _module_preset=&#8221;default&#8221; global_colors_info=&#8221;{}&#8221;][et_pb_code _builder_version=&#8221;4.18.0&#8243; _module_preset=&#8221;default&#8221; global_colors_info=&#8221;{}&#8221;]        <div id=\"artist-list-plugin-container\"><\/div>\r\n        <script>\r\n            window.addEventListener(\"load\", () => {\r\n                loadArtists(\"artist-list-plugin-container\", \"en\");\r\n            })\r\n        <\/script>\r\n        [\/et_pb_code][\/et_pb_column][\/et_pb_row][\/et_pb_section]<\/p>\n<span class=\"et_bloom_bottom_trigger\"><\/span>","protected":false},"excerpt":{"rendered":"<p>Our artistsFind below all the artists who participated in the Artch program.        <div id=\"artist-list-plugin-container\"><\/div>\r\n        <script>\r\n            window.addEventListener(\"load\", () => {\r\n                loadArtists(\"artist-list-plugin-container\", \"en\");\r\n            })\r\n        <\/script>\r\n        <\/p>\n","protected":false},"author":1,"featured_media":0,"parent":0,"menu_order":0,"comment_status":"closed","ping_status":"closed","template":"","meta":{"_acf_changed":false,"_et_pb_use_builder":"on","_et_pb_old_content":"","_et_gb_content_width":"","inline_featured_image":false,"footnotes":""},"class_list":["post-2073","page","type-page","status-publish","hentry"],"acf":[],"yoast_head":"<!-- This site is optimized with the Yoast SEO plugin v27.3 - https:\/\/yoast.com\/product\/yoast-seo-wordpress\/ -->\n<title>Our artists - artch - emerging contemporary art<\/title>\n<meta name=\"robots\" content=\"index, follow, max-snippet:-1, max-image-preview:large, max-video-preview:-1\" \/>\n<link rel=\"canonical\" href=\"https:\/\/artch.org\/en\/our-artists\/\" \/>\n<meta property=\"og:locale\" content=\"en_US\" \/>\n<meta property=\"og:type\" content=\"article\" \/>\n<meta property=\"og:title\" content=\"Our artists - artch - emerging contemporary art\" \/>\n<meta property=\"og:description\" content=\"Our artistsFind below all the artists who participated in the Artch program.\" \/>\n<meta property=\"og:url\" content=\"https:\/\/artch.org\/en\/our-artists\/\" \/>\n<meta property=\"og:site_name\" content=\"artch - emerging contemporary art\" \/>\n<meta property=\"article:publisher\" content=\"https:\/\/www.facebook.com\/artchartcontemporainemergent\" \/>\n<meta property=\"article:modified_time\" content=\"2022-11-21T17:45:43+00:00\" \/>\n<meta name=\"twitter:card\" content=\"summary_large_image\" \/>\n<meta name=\"twitter:label1\" content=\"Est. reading time\" \/>\n\t<meta name=\"twitter:data1\" content=\"2 minutes\" \/>\n<script type=\"application\/ld+json\" class=\"yoast-schema-graph\">{\"@context\":\"https:\\\/\\\/schema.org\",\"@graph\":[{\"@type\":\"WebPage\",\"@id\":\"https:\\\/\\\/artch.org\\\/en\\\/our-artists\\\/\",\"url\":\"https:\\\/\\\/artch.org\\\/en\\\/our-artists\\\/\",\"name\":\"Our artists - artch - emerging contemporary art\",\"isPartOf\":{\"@id\":\"https:\\\/\\\/artch.org\\\/#website\"},\"datePublished\":\"2022-08-29T19:49:14+00:00\",\"dateModified\":\"2022-11-21T17:45:43+00:00\",\"breadcrumb\":{\"@id\":\"https:\\\/\\\/artch.org\\\/en\\\/our-artists\\\/#breadcrumb\"},\"inLanguage\":\"en-US\",\"potentialAction\":[{\"@type\":\"ReadAction\",\"target\":[\"https:\\\/\\\/artch.org\\\/en\\\/our-artists\\\/\"]}]},{\"@type\":\"BreadcrumbList\",\"@id\":\"https:\\\/\\\/artch.org\\\/en\\\/our-artists\\\/#breadcrumb\",\"itemListElement\":[{\"@type\":\"ListItem\",\"position\":1,\"name\":\"Accueil\",\"item\":\"https:\\\/\\\/artch.org\\\/\"},{\"@type\":\"ListItem\",\"position\":2,\"name\":\"Our artists\"}]},{\"@type\":\"WebSite\",\"@id\":\"https:\\\/\\\/artch.org\\\/#website\",\"url\":\"https:\\\/\\\/artch.org\\\/\",\"name\":\"Artch | Identifier, former et cr\u00e9er un tremplin de carri\u00e8re pour les artistes professionnel\u00b7le.s \u00e9mergent\u00b7e\u00b7s en art visuel.\",\"description\":\"Identifier, former et cr\u00e9er un tremplin de carri\u00e8re pour les artistes professionnel \u00e9mergents en art visuel dans la r\u00e9gion de Montr\u00e9al..\",\"publisher\":{\"@id\":\"https:\\\/\\\/artch.org\\\/#organization\"},\"potentialAction\":[{\"@type\":\"SearchAction\",\"target\":{\"@type\":\"EntryPoint\",\"urlTemplate\":\"https:\\\/\\\/artch.org\\\/?s={search_term_string}\"},\"query-input\":{\"@type\":\"PropertyValueSpecification\",\"valueRequired\":true,\"valueName\":\"search_term_string\"}}],\"inLanguage\":\"en-US\"},{\"@type\":\"Organization\",\"@id\":\"https:\\\/\\\/artch.org\\\/#organization\",\"name\":\"Artch\",\"url\":\"https:\\\/\\\/artch.org\\\/\",\"logo\":{\"@type\":\"ImageObject\",\"inLanguage\":\"en-US\",\"@id\":\"https:\\\/\\\/artch.org\\\/#\\\/schema\\\/logo\\\/image\\\/\",\"url\":\"https:\\\/\\\/artch.org\\\/wp-content\\\/uploads\\\/2022\\\/08\\\/logo-artch-noir.svg\",\"contentUrl\":\"https:\\\/\\\/artch.org\\\/wp-content\\\/uploads\\\/2022\\\/08\\\/logo-artch-noir.svg\",\"width\":122,\"height\":34,\"caption\":\"Artch\"},\"image\":{\"@id\":\"https:\\\/\\\/artch.org\\\/#\\\/schema\\\/logo\\\/image\\\/\"},\"sameAs\":[\"https:\\\/\\\/www.facebook.com\\\/artchartcontemporainemergent\",\"https:\\\/\\\/www.instagram.com\\\/artchmtl\\\/\",\"https:\\\/\\\/www.linkedin.com\\\/company\\\/artch\\\/\"]}]}<\/script>\n<!-- \/ Yoast SEO plugin. -->","yoast_head_json":{"title":"Our artists - artch - emerging contemporary art","robots":{"index":"index","follow":"follow","max-snippet":"max-snippet:-1","max-image-preview":"max-image-preview:large","max-video-preview":"max-video-preview:-1"},"canonical":"https:\/\/artch.org\/en\/our-artists\/","og_locale":"en_US","og_type":"article","og_title":"Our artists - artch - emerging contemporary art","og_description":"Our artistsFind below all the artists who participated in the Artch program.","og_url":"https:\/\/artch.org\/en\/our-artists\/","og_site_name":"artch - emerging contemporary art","article_publisher":"https:\/\/www.facebook.com\/artchartcontemporainemergent","article_modified_time":"2022-11-21T17:45:43+00:00","twitter_card":"summary_large_image","twitter_misc":{"Est. reading time":"2 minutes"},"schema":{"@context":"https:\/\/schema.org","@graph":[{"@type":"WebPage","@id":"https:\/\/artch.org\/en\/our-artists\/","url":"https:\/\/artch.org\/en\/our-artists\/","name":"Our artists - artch - emerging contemporary art","isPartOf":{"@id":"https:\/\/artch.org\/#website"},"datePublished":"2022-08-29T19:49:14+00:00","dateModified":"2022-11-21T17:45:43+00:00","breadcrumb":{"@id":"https:\/\/artch.org\/en\/our-artists\/#breadcrumb"},"inLanguage":"en-US","potentialAction":[{"@type":"ReadAction","target":["https:\/\/artch.org\/en\/our-artists\/"]}]},{"@type":"BreadcrumbList","@id":"https:\/\/artch.org\/en\/our-artists\/#breadcrumb","itemListElement":[{"@type":"ListItem","position":1,"name":"Accueil","item":"https:\/\/artch.org\/"},{"@type":"ListItem","position":2,"name":"Our artists"}]},{"@type":"WebSite","@id":"https:\/\/artch.org\/#website","url":"https:\/\/artch.org\/","name":"Artch | Identifier, former et cr\u00e9er un tremplin de carri\u00e8re pour les artistes professionnel\u00b7le.s \u00e9mergent\u00b7e\u00b7s en art visuel.","description":"Identifier, former et cr\u00e9er un tremplin de carri\u00e8re pour les artistes professionnel \u00e9mergents en art visuel dans la r\u00e9gion de Montr\u00e9al..","publisher":{"@id":"https:\/\/artch.org\/#organization"},"potentialAction":[{"@type":"SearchAction","target":{"@type":"EntryPoint","urlTemplate":"https:\/\/artch.org\/?s={search_term_string}"},"query-input":{"@type":"PropertyValueSpecification","valueRequired":true,"valueName":"search_term_string"}}],"inLanguage":"en-US"},{"@type":"Organization","@id":"https:\/\/artch.org\/#organization","name":"Artch","url":"https:\/\/artch.org\/","logo":{"@type":"ImageObject","inLanguage":"en-US","@id":"https:\/\/artch.org\/#\/schema\/logo\/image\/","url":"https:\/\/artch.org\/wp-content\/uploads\/2022\/08\/logo-artch-noir.svg","contentUrl":"https:\/\/artch.org\/wp-content\/uploads\/2022\/08\/logo-artch-noir.svg","width":122,"height":34,"caption":"Artch"},"image":{"@id":"https:\/\/artch.org\/#\/schema\/logo\/image\/"},"sameAs":["https:\/\/www.facebook.com\/artchartcontemporainemergent","https:\/\/www.instagram.com\/artchmtl\/","https:\/\/www.linkedin.com\/company\/artch\/"]}]}},"_links":{"self":[{"href":"https:\/\/artch.org\/en\/wp-json\/wp\/v2\/pages\/2073","targetHints":{"allow":["GET"]}}],"collection":[{"href":"https:\/\/artch.org\/en\/wp-json\/wp\/v2\/pages"}],"about":[{"href":"https:\/\/artch.org\/en\/wp-json\/wp\/v2\/types\/page"}],"author":[{"embeddable":true,"href":"https:\/\/artch.org\/en\/wp-json\/wp\/v2\/users\/1"}],"replies":[{"embeddable":true,"href":"https:\/\/artch.org\/en\/wp-json\/wp\/v2\/comments?post=2073"}],"version-history":[{"count":6,"href":"https:\/\/artch.org\/en\/wp-json\/wp\/v2\/pages\/2073\/revisions"}],"predecessor-version":[{"id":2643,"href":"https:\/\/artch.org\/en\/wp-json\/wp\/v2\/pages\/2073\/revisions\/2643"}],"wp:attachment":[{"href":"https:\/\/artch.org\/en\/wp-json\/wp\/v2\/media?parent=2073"}],"curies":[{"name":"wp","href":"https:\/\/api.w.org\/{rel}","templated":true}]}}