{"id":2079,"date":"2022-08-30T13:53:18","date_gmt":"2022-08-30T17:53:18","guid":{"rendered":"https:\/\/artch.org\/past-projects\/"},"modified":"2022-09-15T09:25:55","modified_gmt":"2022-09-15T13:25:55","slug":"past-projects","status":"publish","type":"page","link":"https:\/\/artch.org\/en\/past-projects\/","title":{"rendered":"Past projects"},"content":{"rendered":"<p>[et_pb_section fb_built=&#8221;1&#8243; custom_padding_last_edited=&#8221;on|phone&#8221; _builder_version=&#8221;4.18.0&#8243; _module_preset=&#8221;default&#8221; custom_margin=&#8221;||0px||false|false&#8221; custom_padding_tablet=&#8221;||0px||false|false&#8221; custom_padding_phone=&#8221;5%||0px||false|false&#8221; global_colors_info=&#8221;{}&#8221;][et_pb_row _builder_version=&#8221;4.18.0&#8243; _module_preset=&#8221;default&#8221; width=&#8221;88%&#8221; max_width=&#8221;100%&#8221; custom_margin=&#8221;||0px||false|false&#8221; custom_padding=&#8221;||0px||false|false&#8221; global_colors_info=&#8221;{}&#8221;][et_pb_column type=&#8221;4_4&#8243; _builder_version=&#8221;4.18.0&#8243; _module_preset=&#8221;default&#8221; global_colors_info=&#8221;{}&#8221;][et_pb_text module_class=&#8221;titre-de-page&#8221; _builder_version=&#8221;4.18.0&#8243; _module_preset=&#8221;default&#8221; header_font_size=&#8221;85px&#8221; header_line_height=&#8221;1.1em&#8221; max_width=&#8221;850px&#8221; max_width_tablet=&#8221;850px&#8221; max_width_phone=&#8221;850px&#8221; max_width_last_edited=&#8221;on|desktop&#8221; custom_margin=&#8221;||0px||false|false&#8221; custom_padding=&#8221;||0px||false|false&#8221; hover_enabled=&#8221;0&#8243; header_font_size_tablet=&#8221;40px&#8221; header_font_size_phone=&#8221;30px&#8221; header_font_size_last_edited=&#8221;on|tablet&#8221; header_line_height_tablet=&#8221;1.1em&#8221; header_line_height_phone=&#8221;1.1em&#8221; header_line_height_last_edited=&#8221;on|desktop&#8221; global_colors_info=&#8221;{}&#8221; sticky_enabled=&#8221;0&#8243;]<\/p>\n<h1>Past projects<\/h1>\n<p>[\/et_pb_text][\/et_pb_column][\/et_pb_row][\/et_pb_section][et_pb_section fb_built=&#8221;1&#8243; _builder_version=&#8221;4.18.0&#8243; _module_preset=&#8221;default&#8221; custom_margin=&#8221;0px||||false|false&#8221; custom_padding=&#8221;0px||||false|false&#8221; global_colors_info=&#8221;{}&#8221;][et_pb_row _builder_version=&#8221;4.18.0&#8243; _module_preset=&#8221;default&#8221; width=&#8221;88%&#8221; max_width=&#8221;100%&#8221; custom_padding=&#8221;0px||||false|false&#8221; global_colors_info=&#8221;{}&#8221;][et_pb_column type=&#8221;4_4&#8243; _builder_version=&#8221;4.18.0&#8243; _module_preset=&#8221;default&#8221; global_colors_info=&#8221;{}&#8221;][dpdfg_filtergrid include_categories=&#8221;17&#8243; post_number=&#8221;100&#8243; thumbnail_size=&#8221;1080&#215;675&#8243; use_overlay=&#8221;off&#8221; title_link=&#8221;on&#8221; show_author=&#8221;off&#8221; show_terms=&#8221;on&#8221; show_content=&#8221;on&#8221; truncate_content=&#8221;200&#8243; truncate_excerpt=&#8221;on&#8221; read_more=&#8221;on&#8221; read_more_text=&#8221;DETAILS&#8221; show_custom_fields=&#8221;on&#8221; custom_fields=&#8221;%91{%22name%22:%22date_debut%22,%22label%22:%22%22},{%22name%22:%22date_fin%22,%22label%22:%22%22},{%22name%22:%22ville%22,%22label%22:%22%22}%93&#8243; show_filters=&#8221;off&#8221; pagination_type=&#8221;scroll&#8221; items_width=&#8221;31%&#8221; column_gutter=&#8221;1%&#8221; row_gutter=&#8221;1%&#8221; filters_width_tablet=&#8221;1&#8243; filters_width_phone=&#8221;1&#8243; filters_width_last_edited=&#8221;on|phone&#8221; items_width_tablet=&#8221;49%&#8221; items_width_phone=&#8221;100%&#8221; items_width_last_edited=&#8221;on|phone&#8221; column_gutter_tablet=&#8221;1%&#8221; column_gutter_phone=&#8221;0%&#8221; column_gutter_last_edited=&#8221;on|phone&#8221; row_gutter_tablet=&#8221;1%&#8221; row_gutter_phone=&#8221;2%&#8221; row_gutter_last_edited=&#8221;on|phone&#8221; module_class=&#8221;evenements-passes&#8221; _builder_version=&#8221;4.18.0&#8243; _module_preset=&#8221;default&#8221; dpdfg_entry_title_font_size=&#8221;35px&#8221; dpdfg_entry_meta_line_height=&#8221;1.3em&#8221; dpdfg_entry_summary_font_size=&#8221;18px&#8221; dpdfg_entry_summary_line_height=&#8221;1.3em&#8221; dpdfg_entry_cf_label_font_size=&#8221;18px&#8221; dpdfg_entry_cf_value_font=&#8221;|||on|||||&#8221; dpdfg_entry_cf_value_text_color=&#8221;#000000&#8243; dpdfg_filters_font=&#8221;|||on|||||&#8221; dpdfg_filters_text_color=&#8221;#000000&#8243; dpdfg_filters_font_size=&#8221;16px&#8221; dpdfg_filters_active_text_color=&#8221;#000000&#8243; custom_read_more_button=&#8221;on&#8221; read_more_button_bg_enable_image=&#8221;off&#8221; read_more_button_icon=&#8221;&#xf06e;||fa||900&#8243; read_more_button_icon_placement=&#8221;left&#8221; read_more_button_on_hover=&#8221;off&#8221; load_more_button_alignment=&#8221;left&#8221; custom_margin=&#8221;0px||||false|false&#8221; custom_margin_tablet=&#8221;0vh||||false|false&#8221; custom_margin_phone=&#8221;0vh||||false|false&#8221; custom_margin_last_edited=&#8221;on|phone&#8221; dpdfg_entry_title_font_size_tablet=&#8221;25px&#8221; dpdfg_entry_title_font_size_phone=&#8221;25px&#8221; dpdfg_entry_title_font_size_last_edited=&#8221;on|phone&#8221; dpdfg_entry_meta_font_size_tablet=&#8221;&#8221; dpdfg_entry_meta_font_size_phone=&#8221;&#8221; dpdfg_entry_meta_font_size_last_edited=&#8221;on|phone&#8221; dpdfg_entry_summary_font_size_tablet=&#8221;16px&#8221; dpdfg_entry_summary_font_size_phone=&#8221;16px&#8221; dpdfg_entry_summary_font_size_last_edited=&#8221;on|phone&#8221; dpdfg_entry_summary_line_height_tablet=&#8221;1.3em&#8221; dpdfg_entry_summary_line_height_phone=&#8221;1.3em&#8221; dpdfg_entry_summary_line_height_last_edited=&#8221;on|desktop&#8221; dpdfg_entry_cf_label_font_size_tablet=&#8221;18px&#8221; dpdfg_entry_cf_label_font_size_phone=&#8221;18px&#8221; dpdfg_entry_cf_label_font_size_last_edited=&#8221;on|desktop&#8221; dpdfg_entry_cf_value_font_size_tablet=&#8221;20px&#8221; dpdfg_entry_cf_value_font_size_phone=&#8221;20px&#8221; dpdfg_entry_cf_value_font_size_last_edited=&#8221;on|phone&#8221; border_radii=&#8221;on|12px|12px|12px|12px&#8221; border_width_all=&#8221;2px&#8221; border_color_all=&#8221;#000000&#8243; global_colors_info=&#8221;{}&#8221; read_more_button_custom_padding__hover_enabled=&#8221;on|hover&#8221; transform_styles__hover_enabled=&#8221;on|hover&#8221; transform_scale__hover_enabled=&#8221;on|hover&#8221; transform_translate__hover_enabled=&#8221;on|hover&#8221; transform_rotate__hover_enabled=&#8221;on|desktop&#8221; transform_skew__hover_enabled=&#8221;on|desktop&#8221; transform_origin__hover_enabled=&#8221;on|desktop&#8221;][\/dpdfg_filtergrid][\/et_pb_column][\/et_pb_row][\/et_pb_section]<\/p>\n<span class=\"et_bloom_bottom_trigger\"><\/span>","protected":false},"excerpt":{"rendered":"<p>Past projects<div class=\"et_pb_module dpdfg_filtergrid dpdfg_filtergrid_0 &#8221;evenements-passes&#8221;\">\n\t\t\t\t\n\t\t\t\t\n\t\t\t\t\n\t\t\t\t\n\t\t\t\t\n\t\t\t\t\n\t\t\t\t<div class=\"et_pb_module_inner\">\n\t\t\t\t\t<!-- DPDFG Start Main Container --><div class=\"dp-dfg-container dp-dfg-layout-grid dp-dfg-skin-default dp-dfg-skin-top-filters dp-dfg-empty\" data-active-filter=\"all\" data-page=\"1\" data-found-posts=\"0\" data-post-number=\"1\" data-default-filter=\"All\" data-link-filter=\"\" data-cache=\"off\" data-ratio=\"0\" data-show-thumb=\"on\" data-action=\"link\" data-new-window=\"off\" data-filters=\"off\" data-date-filters=\"off\" data-multifilter=\"off|OR\" data-multilevel=\"off|AND|off\" data-sorting=\"off\" data-order=\"DESC\" data-orderby=\"date\" data-initorderby=\"date\" data-url-navigation=\"off\" data-url-history=\"on|reload\" data-ajax-filters=\"off\" data-doing-ajax=\"off\" data-module=\"dpdfg_filtergrid_0\" data-search=\"off\" data-search-position=\"above\" data-terms-tags=\"on\" data-pagination=\"on\" data-filter-method=\"default\" data-third-party=\"\" data-lightbox=\"on|||\" data-video-preview=\"off\" data-no-init=\"off\" data-st=\"on\" data-no-results=\"on\"><div class=\"dp-dfg-items\"><div class=\"dp-dfg-no-results\">No results found.<\/div><\/div><div class=\"dp-dfg-pagination dp-dfg-hide\" data-base-url=\"\/en\/wp-json\/wp\/v2\/s\/2079\/page\/\" data-url-args=\"\"><\/div><!-- DPDFG End Pagination Container --><div class=\"dp-dfg-announcer screen-reader-text\" aria-live=\"polite\" aria-atomic=\"true\"><\/div><\/div><!-- DPDFG End Main Container --><div class=\"dp-dfg-data dp-dfg-hide\"><div class=\"dp-dfg-ajax-data\" data-ajax=\"{&quot;custom_query&quot;:&quot;basic&quot;,&quot;support_for&quot;:&quot;sfp&quot;,&quot;sfp_id&quot;:&quot;&quot;,&quot;include_categories&quot;:&quot;&amp;#8221;17&amp;#8243;&quot;,&quot;current_post_type&quot;:&quot;on&quot;,&quot;multiple_cpt&quot;:&quot;post&quot;,&quot;use_taxonomy_terms&quot;:&quot;off&quot;,&quot;multiple_taxonomies&quot;:&quot;category&quot;,&quot;taxonomies_relation&quot;:&quot;OR&quot;,&quot;include_terms&quot;:&quot;&quot;,&quot;terms_relation&quot;:&quot;IN&quot;,&quot;include_children_terms&quot;:&quot;on&quot;,&quot;exclude_taxonomies&quot;:&quot;category&quot;,&quot;exclude_taxonomies_relation&quot;:&quot;OR&quot;,&quot;exclude_terms&quot;:&quot;&quot;,&quot;meta_query&quot;:&quot;off&quot;,&quot;meta_cf_key&quot;:&quot;&quot;,&quot;meta_cf_value&quot;:&quot;&quot;,&quot;meta_cf_compare&quot;:&quot;Equal To&quot;,&quot;meta_cf_type&quot;:&quot;CHAR&quot;,&quot;related_taxonomies&quot;:&quot;&quot;,&quot;related_criteria&quot;:&quot;one_in_one&quot;,&quot;posts_ids&quot;:&quot;&quot;,&quot;post_number&quot;:&quot;&amp;#8221;100&amp;#8243;&quot;,&quot;offset_number&quot;:&quot;0&quot;,&quot;order&quot;:&quot;DESC&quot;,&quot;orderby&quot;:&quot;date&quot;,&quot;meta_key&quot;:&quot;&quot;,&quot;meta_type&quot;:&quot;CHAR&quot;,&quot;show_private&quot;:&quot;off&quot;,&quot;current_author&quot;:&quot;off&quot;,&quot;sticky_posts&quot;:&quot;off&quot;,&quot;remove_current_post&quot;:&quot;off&quot;,&quot;no_results&quot;:&quot;No results found.&quot;,&quot;thumbnail_action&quot;:&quot;link&quot;,&quot;gallery_cf_name&quot;:&quot;&quot;,&quot;lightbox_elements&quot;:&quot;on|||&quot;,&quot;show_thumbnail&quot;:&quot;on&quot;,&quot;thumbnail_size&quot;:&quot;&amp;#8221;1080&amp;#215;675&amp;#8243;&quot;,&quot;t_alt&quot;:&quot;title&quot;,&quot;use_overlay&quot;:&quot;&amp;#8221;off&amp;#8221;&quot;,&quot;show_title&quot;:&quot;on&quot;,&quot;title_link&quot;:&quot;&amp;#8221;on&amp;#8221;&quot;,&quot;show_post_meta&quot;:&quot;on&quot;,&quot;meta_separator&quot;:&quot; | &quot;,&quot;show_author&quot;:&quot;&amp;#8221;off&amp;#8221;&quot;,&quot;author_prefix_text&quot;:&quot;By &quot;,&quot;show_date&quot;:&quot;off&quot;,&quot;date_format&quot;:&quot;j F Y&quot;,&quot;show_terms&quot;:&quot;&amp;#8221;on&amp;#8221;&quot;,&quot;show_terms_taxonomy&quot;:&quot;category&quot;,&quot;terms_separator&quot;:&quot;,&quot;,&quot;terms_links&quot;:&quot;on&quot;,&quot;show_comments&quot;:&quot;off&quot;,&quot;show_content&quot;:&quot;&amp;#8221;on&amp;#8221;&quot;,&quot;content_length&quot;:&quot;excerpt&quot;,&quot;truncate_content&quot;:&quot;&amp;#8221;200&amp;#8243;&quot;,&quot;truncate_excerpt&quot;:&quot;&amp;#8221;on&amp;#8221;&quot;,&quot;strip_html&quot;:&quot;on&quot;,&quot;action_button&quot;:&quot;off&quot;,&quot;action_button_text&quot;:&quot;Click Action Button&quot;,&quot;read_more&quot;:&quot;&amp;#8221;on&amp;#8221;&quot;,&quot;read_more_text&quot;:&quot;&amp;#8221;DETAILS&amp;#8221;&quot;,&quot;read_more_window&quot;:&quot;off&quot;,&quot;show_custom_fields&quot;:&quot;&amp;#8221;on&amp;#8221;&quot;,&quot;custom_fields&quot;:&quot;&amp;#8221;&amp;#91;{\\&quot;name\\&quot;:\\&quot;date_debut\\&quot;,\\&quot;label\\&quot;:\\&quot;\\&quot;},{\\&quot;name\\&quot;:\\&quot;date_fin\\&quot;,\\&quot;label\\&quot;:\\&quot;\\&quot;},{\\&quot;name\\&quot;:\\&quot;ville\\&quot;,\\&quot;label\\&quot;:\\&quot;\\&quot;}&amp;#93;&amp;#8243;&quot;,&quot;show_custom_content&quot;:&quot;off&quot;,&quot;custom_content_container&quot;:&quot;on&quot;,&quot;custom_url&quot;:&quot;off&quot;,&quot;custom_url_field_name&quot;:&quot;&quot;,&quot;custom_url_target&quot;:&quot;same&quot;,&quot;show_video_preview&quot;:&quot;off&quot;,&quot;video_module&quot;:&quot;off&quot;,&quot;video_action&quot;:&quot;play&quot;,&quot;video_action_priority&quot;:&quot;on&quot;,&quot;video_overlay&quot;:&quot;on&quot;,&quot;video_overlay_icon&quot;:&quot;on&quot;,&quot;video_icon&quot;:&quot;&amp;#x49;||divi||400&quot;,&quot;video_icon_color&quot;:&quot;#ffffff&quot;,&quot;video_overlay_color&quot;:&quot;rgba(0,0,0,0.6)&quot;,&quot;show_filters&quot;:&quot;&amp;#8221;off&amp;#8221;&quot;,&quot;multilevel&quot;:&quot;off&quot;,&quot;multilevel_hierarchy&quot;:&quot;off&quot;,&quot;multilevel_hierarchy_tax&quot;:&quot;[{\\&quot;name\\&quot;:\\&quot;category\\&quot;,\\&quot;label\\&quot;:\\&quot;\\&quot;,\\&quot;all\\&quot;:\\&quot;\\&quot;}]&quot;,&quot;multilevel_relation&quot;:&quot;AND&quot;,&quot;multilevel_tax_data&quot;:&quot;[{\\&quot;name\\&quot;:\\&quot;category\\&quot;,\\&quot;label\\&quot;:\\&quot;\\&quot;,\\&quot;all\\&quot;:\\&quot;\\&quot;}]&quot;,&quot;filter_children_terms&quot;:&quot;on&quot;,&quot;use_custom_terms_filters&quot;:&quot;off&quot;,&quot;filter_taxonomies&quot;:&quot;category&quot;,&quot;filter_terms&quot;:&quot;&quot;,&quot;default_filter&quot;:&quot;All&quot;,&quot;filters_order&quot;:&quot;ASC&quot;,&quot;filters_sort&quot;:&quot;id&quot;,&quot;filters_custom&quot;:&quot;&quot;,&quot;hide_all&quot;:&quot;off&quot;,&quot;all_text&quot;:&quot;All&quot;,&quot;s_df&quot;:&quot;off&quot;,&quot;df_col&quot;:&quot;post_date&quot;,&quot;s_df_y&quot;:&quot;on&quot;,&quot;s_df_m&quot;:&quot;on&quot;,&quot;filter_layout&quot;:&quot;button&quot;,&quot;multifilter&quot;:&quot;off&quot;,&quot;multifilter_relation&quot;:&quot;OR&quot;,&quot;show_sort&quot;:&quot;off&quot;,&quot;cf_ob_name&quot;:&quot;&quot;,&quot;cf_ob_type&quot;:&quot;CHAR&quot;,&quot;ajax_filters&quot;:&quot;off&quot;,&quot;cache_on_page&quot;:&quot;off&quot;,&quot;show_pagination&quot;:&quot;on&quot;,&quot;pagination_type&quot;:&quot;&amp;#8221;scroll&amp;#8221;&quot;,&quot;ajax_load_more_text&quot;:&quot;Load More&quot;,&quot;previous_icon&quot;:&quot;&amp;#x34;||divi||400&quot;,&quot;next_icon&quot;:&quot;&amp;#x35;||divi||400&quot;,&quot;previous_text&quot;:&quot;&quot;,&quot;next_text&quot;:&quot;&quot;,&quot;pagination_pages&quot;:&quot;2&quot;,&quot;items_layout&quot;:&quot;dp-dfg-layout-grid&quot;,&quot;thumb_width&quot;:&quot;33%&quot;,&quot;items_width&quot;:&quot;&amp;#8221;31%&amp;#8221;&quot;,&quot;items_skin&quot;:&quot;dp-dfg-skin-default&quot;,&quot;primary_view&quot;:&quot;[{\\&quot;name\\&quot;:\\&quot;thumbnail\\&quot;,\\&quot;show\\&quot;:\\&quot;on\\&quot;},{\\&quot;name\\&quot;:\\&quot;overlay\\&quot;,\\&quot;show\\&quot;:\\&quot;on\\&quot;},{\\&quot;name\\&quot;:\\&quot;title\\&quot;,\\&quot;show\\&quot;:\\&quot;off\\&quot;},{\\&quot;name\\&quot;:\\&quot;meta\\&quot;,\\&quot;show\\&quot;:\\&quot;off\\&quot;},{\\&quot;name\\&quot;:\\&quot;ext\\&quot;,\\&quot;show\\&quot;:\\&quot;off\\&quot;},{\\&quot;name\\&quot;:\\&quot;content\\&quot;,\\&quot;show\\&quot;:\\&quot;off\\&quot;},{\\&quot;name\\&quot;:\\&quot;action_button\\&quot;,\\&quot;show\\&quot;:\\&quot;off\\&quot;},{\\&quot;name\\&quot;:\\&quot;read_more_button\\&quot;,\\&quot;show\\&quot;:\\&quot;off\\&quot;},{\\&quot;name\\&quot;:\\&quot;custom_content\\&quot;,\\&quot;show\\&quot;:\\&quot;off\\&quot;}]&quot;,&quot;secondary_view&quot;:&quot;[{\\&quot;name\\&quot;:\\&quot;thumbnail\\&quot;,\\&quot;show\\&quot;:\\&quot;off\\&quot;},{\\&quot;name\\&quot;:\\&quot;title\\&quot;,\\&quot;show\\&quot;:\\&quot;on\\&quot;},{\\&quot;name\\&quot;:\\&quot;meta\\&quot;,\\&quot;show\\&quot;:\\&quot;on\\&quot;},{\\&quot;name\\&quot;:\\&quot;ext\\&quot;,\\&quot;show\\&quot;:\\&quot;on\\&quot;},{\\&quot;name\\&quot;:\\&quot;content\\&quot;,\\&quot;show\\&quot;:\\&quot;on\\&quot;},{\\&quot;name\\&quot;:\\&quot;action_button\\&quot;,\\&quot;show\\&quot;:\\&quot;on\\&quot;},{\\&quot;name\\&quot;:\\&quot;read_more_button\\&quot;,\\&quot;show\\&quot;:\\&quot;on\\&quot;},{\\&quot;name\\&quot;:\\&quot;custom_content\\&quot;,\\&quot;show\\&quot;:\\&quot;on\\&quot;}]&quot;,&quot;popup_template&quot;:&quot;default&quot;,&quot;popup_link_target&quot;:&quot;none&quot;,&quot;popup_code&quot;:&quot;&quot;,&quot;use_overlay_icon&quot;:&quot;on&quot;,&quot;hover_icon&quot;:&quot;&amp;#xe050;||divi||400&quot;,&quot;overlay_icon_color&quot;:&quot;#2ea3f2&quot;,&quot;hover_overlay_color&quot;:&quot;rgba(255,255,255,0.9)&quot;,&quot;show_search&quot;:&quot;off&quot;,&quot;search_position&quot;:&quot;above&quot;,&quot;orderby_search&quot;:&quot;on&quot;,&quot;relevanssi&quot;:&quot;off&quot;,&quot;bg_items&quot;:&quot;&quot;,&quot;admin_label&quot;:&quot;&quot;,&quot;module_id&quot;:&quot;&quot;,&quot;module_class&quot;:&quot;&amp;#8221;evenements-passes&amp;#8221;&quot;,&quot;dpdfg_entry_title_level&quot;:&quot;h2&quot;,&quot;read_more_button_icon&quot;:&quot;&amp;#8221;&amp;#xf06e;||fa||900&amp;#8243;&quot;,&quot;action_button_icon&quot;:&quot;&quot;,&quot;the_ID&quot;:0,&quot;the_author&quot;:1,&quot;seed&quot;:815,&quot;query_context&quot;:&quot;initial_query&quot;,&quot;conditional_tags&quot;:{&quot;is_user_logged_in&quot;:&quot;off&quot;,&quot;is_front_page&quot;:&quot;off&quot;,&quot;is_singular&quot;:&quot;off&quot;,&quot;is_archive&quot;:&quot;off&quot;,&quot;is_search&quot;:&quot;off&quot;,&quot;is_tax&quot;:&quot;off&quot;,&quot;is_author&quot;:&quot;off&quot;,&quot;is_date&quot;:&quot;off&quot;,&quot;is_post_type&quot;:&quot;off&quot;},&quot;query_var&quot;:{&quot;s&quot;:&quot;&quot;,&quot;year&quot;:&quot;&quot;,&quot;monthnum&quot;:&quot;&quot;,&quot;day&quot;:&quot;&quot;,&quot;post_type&quot;:&quot;&quot;},&quot;custom_data&quot;:[]}\"><\/div><div class=\"dp-dfg-no-results-data\"><div class=\"dp-dfg-no-results\">No results found.<\/div><\/div><div class=\"dp-dfg-loader-data\"><\/div><\/div>\n\t\t\t\t<\/div>\n\t\t\t<\/div><\/p>\n","protected":false},"author":1,"featured_media":0,"parent":0,"menu_order":0,"comment_status":"closed","ping_status":"closed","template":"","meta":{"_acf_changed":false,"_et_pb_use_builder":"on","_et_pb_old_content":"","_et_gb_content_width":"","inline_featured_image":false,"footnotes":""},"class_list":["post-2079","page","type-page","status-publish","hentry"],"acf":[],"yoast_head":"<!-- This site is optimized with the Yoast SEO plugin v27.3 - https:\/\/yoast.com\/product\/yoast-seo-wordpress\/ -->\n<title>Past projects - artch - emerging contemporary art<\/title>\n<meta name=\"robots\" content=\"index, follow, max-snippet:-1, max-image-preview:large, max-video-preview:-1\" \/>\n<link rel=\"canonical\" href=\"https:\/\/artch.org\/en\/past-projects\/\" \/>\n<meta property=\"og:locale\" content=\"en_US\" \/>\n<meta property=\"og:type\" content=\"article\" \/>\n<meta property=\"og:title\" content=\"Past projects - artch - emerging contemporary art\" \/>\n<meta property=\"og:description\" content=\"Past projects\" \/>\n<meta property=\"og:url\" content=\"https:\/\/artch.org\/en\/past-projects\/\" \/>\n<meta property=\"og:site_name\" content=\"artch - emerging contemporary art\" \/>\n<meta property=\"article:publisher\" content=\"https:\/\/www.facebook.com\/artchartcontemporainemergent\" \/>\n<meta property=\"article:modified_time\" content=\"2022-09-15T13:25:55+00:00\" \/>\n<meta name=\"twitter:card\" content=\"summary_large_image\" \/>\n<meta name=\"twitter:label1\" content=\"Est. reading time\" \/>\n\t<meta name=\"twitter:data1\" content=\"3 minutes\" \/>\n<script type=\"application\/ld+json\" class=\"yoast-schema-graph\">{\"@context\":\"https:\\\/\\\/schema.org\",\"@graph\":[{\"@type\":\"WebPage\",\"@id\":\"https:\\\/\\\/artch.org\\\/en\\\/past-projects\\\/\",\"url\":\"https:\\\/\\\/artch.org\\\/en\\\/past-projects\\\/\",\"name\":\"Past projects - artch - emerging contemporary art\",\"isPartOf\":{\"@id\":\"https:\\\/\\\/artch.org\\\/#website\"},\"datePublished\":\"2022-08-30T17:53:18+00:00\",\"dateModified\":\"2022-09-15T13:25:55+00:00\",\"breadcrumb\":{\"@id\":\"https:\\\/\\\/artch.org\\\/en\\\/past-projects\\\/#breadcrumb\"},\"inLanguage\":\"en-US\",\"potentialAction\":[{\"@type\":\"ReadAction\",\"target\":[\"https:\\\/\\\/artch.org\\\/en\\\/past-projects\\\/\"]}]},{\"@type\":\"BreadcrumbList\",\"@id\":\"https:\\\/\\\/artch.org\\\/en\\\/past-projects\\\/#breadcrumb\",\"itemListElement\":[{\"@type\":\"ListItem\",\"position\":1,\"name\":\"Accueil\",\"item\":\"https:\\\/\\\/artch.org\\\/\"},{\"@type\":\"ListItem\",\"position\":2,\"name\":\"Past projects\"}]},{\"@type\":\"WebSite\",\"@id\":\"https:\\\/\\\/artch.org\\\/#website\",\"url\":\"https:\\\/\\\/artch.org\\\/\",\"name\":\"Artch | Identifier, former et cr\u00e9er un tremplin de carri\u00e8re pour les artistes professionnel\u00b7le.s \u00e9mergent\u00b7e\u00b7s en art visuel.\",\"description\":\"Identifier, former et cr\u00e9er un tremplin de carri\u00e8re pour les artistes professionnel \u00e9mergents en art visuel dans la r\u00e9gion de Montr\u00e9al..\",\"publisher\":{\"@id\":\"https:\\\/\\\/artch.org\\\/#organization\"},\"potentialAction\":[{\"@type\":\"SearchAction\",\"target\":{\"@type\":\"EntryPoint\",\"urlTemplate\":\"https:\\\/\\\/artch.org\\\/?s={search_term_string}\"},\"query-input\":{\"@type\":\"PropertyValueSpecification\",\"valueRequired\":true,\"valueName\":\"search_term_string\"}}],\"inLanguage\":\"en-US\"},{\"@type\":\"Organization\",\"@id\":\"https:\\\/\\\/artch.org\\\/#organization\",\"name\":\"Artch\",\"url\":\"https:\\\/\\\/artch.org\\\/\",\"logo\":{\"@type\":\"ImageObject\",\"inLanguage\":\"en-US\",\"@id\":\"https:\\\/\\\/artch.org\\\/#\\\/schema\\\/logo\\\/image\\\/\",\"url\":\"https:\\\/\\\/artch.org\\\/wp-content\\\/uploads\\\/2022\\\/08\\\/logo-artch-noir.svg\",\"contentUrl\":\"https:\\\/\\\/artch.org\\\/wp-content\\\/uploads\\\/2022\\\/08\\\/logo-artch-noir.svg\",\"width\":122,\"height\":34,\"caption\":\"Artch\"},\"image\":{\"@id\":\"https:\\\/\\\/artch.org\\\/#\\\/schema\\\/logo\\\/image\\\/\"},\"sameAs\":[\"https:\\\/\\\/www.facebook.com\\\/artchartcontemporainemergent\",\"https:\\\/\\\/www.instagram.com\\\/artchmtl\\\/\",\"https:\\\/\\\/www.linkedin.com\\\/company\\\/artch\\\/\"]}]}<\/script>\n<!-- \/ Yoast SEO plugin. -->","yoast_head_json":{"title":"Past projects - artch - emerging contemporary art","robots":{"index":"index","follow":"follow","max-snippet":"max-snippet:-1","max-image-preview":"max-image-preview:large","max-video-preview":"max-video-preview:-1"},"canonical":"https:\/\/artch.org\/en\/past-projects\/","og_locale":"en_US","og_type":"article","og_title":"Past projects - artch - emerging contemporary art","og_description":"Past projects","og_url":"https:\/\/artch.org\/en\/past-projects\/","og_site_name":"artch - emerging contemporary art","article_publisher":"https:\/\/www.facebook.com\/artchartcontemporainemergent","article_modified_time":"2022-09-15T13:25:55+00:00","twitter_card":"summary_large_image","twitter_misc":{"Est. reading time":"3 minutes"},"schema":{"@context":"https:\/\/schema.org","@graph":[{"@type":"WebPage","@id":"https:\/\/artch.org\/en\/past-projects\/","url":"https:\/\/artch.org\/en\/past-projects\/","name":"Past projects - artch - emerging contemporary art","isPartOf":{"@id":"https:\/\/artch.org\/#website"},"datePublished":"2022-08-30T17:53:18+00:00","dateModified":"2022-09-15T13:25:55+00:00","breadcrumb":{"@id":"https:\/\/artch.org\/en\/past-projects\/#breadcrumb"},"inLanguage":"en-US","potentialAction":[{"@type":"ReadAction","target":["https:\/\/artch.org\/en\/past-projects\/"]}]},{"@type":"BreadcrumbList","@id":"https:\/\/artch.org\/en\/past-projects\/#breadcrumb","itemListElement":[{"@type":"ListItem","position":1,"name":"Accueil","item":"https:\/\/artch.org\/"},{"@type":"ListItem","position":2,"name":"Past projects"}]},{"@type":"WebSite","@id":"https:\/\/artch.org\/#website","url":"https:\/\/artch.org\/","name":"Artch | Identifier, former et cr\u00e9er un tremplin de carri\u00e8re pour les artistes professionnel\u00b7le.s \u00e9mergent\u00b7e\u00b7s en art visuel.","description":"Identifier, former et cr\u00e9er un tremplin de carri\u00e8re pour les artistes professionnel \u00e9mergents en art visuel dans la r\u00e9gion de Montr\u00e9al..","publisher":{"@id":"https:\/\/artch.org\/#organization"},"potentialAction":[{"@type":"SearchAction","target":{"@type":"EntryPoint","urlTemplate":"https:\/\/artch.org\/?s={search_term_string}"},"query-input":{"@type":"PropertyValueSpecification","valueRequired":true,"valueName":"search_term_string"}}],"inLanguage":"en-US"},{"@type":"Organization","@id":"https:\/\/artch.org\/#organization","name":"Artch","url":"https:\/\/artch.org\/","logo":{"@type":"ImageObject","inLanguage":"en-US","@id":"https:\/\/artch.org\/#\/schema\/logo\/image\/","url":"https:\/\/artch.org\/wp-content\/uploads\/2022\/08\/logo-artch-noir.svg","contentUrl":"https:\/\/artch.org\/wp-content\/uploads\/2022\/08\/logo-artch-noir.svg","width":122,"height":34,"caption":"Artch"},"image":{"@id":"https:\/\/artch.org\/#\/schema\/logo\/image\/"},"sameAs":["https:\/\/www.facebook.com\/artchartcontemporainemergent","https:\/\/www.instagram.com\/artchmtl\/","https:\/\/www.linkedin.com\/company\/artch\/"]}]}},"_links":{"self":[{"href":"https:\/\/artch.org\/en\/wp-json\/wp\/v2\/pages\/2079","targetHints":{"allow":["GET"]}}],"collection":[{"href":"https:\/\/artch.org\/en\/wp-json\/wp\/v2\/pages"}],"about":[{"href":"https:\/\/artch.org\/en\/wp-json\/wp\/v2\/types\/page"}],"author":[{"embeddable":true,"href":"https:\/\/artch.org\/en\/wp-json\/wp\/v2\/users\/1"}],"replies":[{"embeddable":true,"href":"https:\/\/artch.org\/en\/wp-json\/wp\/v2\/comments?post=2079"}],"version-history":[{"count":5,"href":"https:\/\/artch.org\/en\/wp-json\/wp\/v2\/pages\/2079\/revisions"}],"predecessor-version":[{"id":2084,"href":"https:\/\/artch.org\/en\/wp-json\/wp\/v2\/pages\/2079\/revisions\/2084"}],"wp:attachment":[{"href":"https:\/\/artch.org\/en\/wp-json\/wp\/v2\/media?parent=2079"}],"curies":[{"name":"wp","href":"https:\/\/api.w.org\/{rel}","templated":true}]}}